{"id":416,"date":"2022-09-26T14:11:13","date_gmt":"2022-09-26T14:11:13","guid":{"rendered":"https:\/\/microcrimes.de\/?page_id=416"},"modified":"2022-09-26T14:45:45","modified_gmt":"2022-09-26T14:45:45","slug":"impressum-2","status":"publish","type":"page","link":"https:\/\/microcrimes.de\/london\/impressum-2\/","title":{"rendered":"Impressum"},"content":{"rendered":"\n<p class=\"has-white-color has-text-color\">TOPP-KREATIV.de ist ein Internetauftritt der frechverlag GmbH.<\/p>\n\n\n\n<p class=\"has-white-color has-text-color\">frechverlag GmbH<br>Dieselstra\u00dfe 5<br>70839 Gerlingen<br><br>Telefon: 0711\/83086-0<br>Telefax: 0711\/83086-86<\/p>\n\n\n\n<p class=\"has-white-color has-text-color\">Fragen zum Produkt: hilfe[at]frechverlag.de<br>Fragen zur Bestellung: info[at]topp-kreativ.de<br>Anfragen f\u00fcr H\u00e4ndler: kundenservice[at]frechverlag.de<br><br>Vertretungsberechtigte Gesch\u00e4ftsf\u00fchrer:<br>Michael Zirn<br>Dr. Tobias Winstel<\/p>\n\n\n\n<p class=\"has-white-color has-text-color\">Registergericht:<br>Amtsgericht Stuttgart, HRB 6436<\/p>\n\n\n\n<p class=\"has-white-color has-text-color\">Umsatzsteuer-Identifikationsnummer gem\u00e4\u00df \u00a7 27 a Umsatzsteuergesetz:<br>DE 147509267<\/p>\n\n\n\n<p class=\"has-white-color has-text-color\">Verantwortlich gem\u00e4\u00df \u00a7 55 RStV:<br>Michael Zirn<br>Dieselstra\u00dfe 5<br>70839 Gerlingen<\/p>\n\n\n\n<p class=\"has-white-color has-text-color\">Bildnachweis:<br>frechverlag GmbH aus Stuttgart sowie lichtpunkt\/Michael Ruder aus Stuttgart.<\/p>\n\n\n\n<p class=\"has-white-color has-text-color\">Haftungshinweis:<br>Trotz sorgf\u00e4ltiger inhaltlicher Kontrolle \u00fcbernehmen wir keine Haftung f\u00fcr die Inhalte externer Links. F\u00fcr den Inhalt der verlinkten Seiten sind ausschlie\u00dflich deren Betreiber verantwortlich. Ab dem 15. Februar 2016 stellt die EU-Kommission gem\u00e4\u00df Art. 14 Abs. 1 ODR-VO eine Plattform f\u00fcr au\u00dfergerichtliche Streitschlichtung bereit (sog. &#8222;OS-Plattform&#8220;). Verbrauchern gibt dies die M\u00f6glichkeit, Streitigkeiten im Zusammenhang mit Ihrer Online-Bestellung zun\u00e4chst ohne die Einschaltung eines Gerichts zu kl\u00e4ren. Die Streitbeilegungs-Plattform ist unter dem externen Link <a href=\"http:\/\/ec.europa.eu\/consumers\/odr\/\">http:\/\/ec.europa.eu\/consumers\/odr\/<\/a> erreichbar. Zur Teilnahme an einem Streitbeilegungsverfahren vor einer Verbraucherschlichtungsstelle sind wir nicht verpflichtet und nicht bereit.<\/p>\n","protected":false},"excerpt":{"rendered":"<p>TOPP-KREATIV.de ist ein Internetauftritt der frechverlag GmbH. frechverlag GmbHDieselstra\u00dfe 570839 Gerlingen Telefon: 0711\/83086-0Telefax: 0711\/83086-86 Fragen zum Produkt: hilfe[at]frechverlag.deFragen zur Bestellung: info[at]topp-kreativ.deAnfragen f\u00fcr H\u00e4ndler: kundenservice[at]frechverlag.de Vertretungsberechtigte Gesch\u00e4ftsf\u00fchrer:Michael ZirnDr. Tobias Winstel Registergericht:Amtsgericht Stuttgart, HRB 6436 Umsatzsteuer-Identifikationsnummer gem\u00e4\u00df \u00a7 27 a Umsatzsteuergesetz:DE 147509267 Verantwortlich gem\u00e4\u00df \u00a7 55 RStV:Michael ZirnDieselstra\u00dfe 570839 Gerlingen Bildnachweis:frechverlag GmbH aus Stuttgart sowie lichtpunkt\/Michael Ruder [&hellip;]<\/p>\n","protected":false},"author":1,"featured_media":0,"parent":0,"menu_order":0,"comment_status":"closed","ping_status":"closed","template":"","meta":[],"_links":{"self":[{"href":"https:\/\/microcrimes.de\/london\/wp-json\/wp\/v2\/pages\/416"}],"collection":[{"href":"https:\/\/microcrimes.de\/london\/wp-json\/wp\/v2\/pages"}],"about":[{"href":"https:\/\/microcrimes.de\/london\/wp-json\/wp\/v2\/types\/page"}],"author":[{"embeddable":true,"href":"https:\/\/microcrimes.de\/london\/wp-json\/wp\/v2\/users\/1"}],"replies":[{"embeddable":true,"href":"https:\/\/microcrimes.de\/london\/wp-json\/wp\/v2\/comments?post=416"}],"version-history":[{"count":2,"href":"https:\/\/microcrimes.de\/london\/wp-json\/wp\/v2\/pages\/416\/revisions"}],"predecessor-version":[{"id":424,"href":"https:\/\/microcrimes.de\/london\/wp-json\/wp\/v2\/pages\/416\/revisions\/424"}],"wp:attachment":[{"href":"https:\/\/microcrimes.de\/london\/wp-json\/wp\/v2\/media?parent=416"}],"curies":[{"name":"wp","href":"https:\/\/api.w.org\/{rel}","templated":true}]}}