{"id":667,"date":"2023-05-02T07:43:47","date_gmt":"2023-05-02T07:43:47","guid":{"rendered":"https:\/\/microcrimes.de\/berlin\/?page_id=667"},"modified":"2023-05-02T07:48:41","modified_gmt":"2023-05-02T07:48:41","slug":"korrekturhinweis","status":"publish","type":"page","link":"https:\/\/microcrimes.de\/berlin\/korrekturhinweis\/","title":{"rendered":"Korrekturhinweis"},"content":{"rendered":"\t\t<div data-elementor-type=\"wp-page\" data-elementor-id=\"667\" class=\"elementor elementor-667\" data-elementor-settings=\"[]\">\n\t\t\t\t\t\t\t<div class=\"elementor-section-wrap\">\n\t\t\t\t\t\t\t<section class=\"elementor-section elementor-top-section elementor-element elementor-element-3d190919 elementor-section-boxed elementor-section-height-default elementor-section-height-default\" data-id=\"3d190919\" data-element_type=\"section\">\n\t\t\t\t\t\t<div class=\"elementor-container elementor-column-gap-default\">\n\t\t\t\t\t<div class=\"elementor-column elementor-col-100 elementor-top-column elementor-element elementor-element-235397e6\" data-id=\"235397e6\" data-element_type=\"column\" data-settings=\"{&quot;background_background&quot;:&quot;classic&quot;}\">\n\t\t\t<div class=\"elementor-widget-wrap elementor-element-populated\">\n\t\t\t\t\t\t\t\t<div class=\"elementor-element elementor-element-74f749c2 elementor-widget elementor-widget-spacer\" data-id=\"74f749c2\" data-element_type=\"widget\" data-widget_type=\"spacer.default\">\n\t\t\t\t<div class=\"elementor-widget-container\">\n\t\t\t<style>\/*! elementor - v3.7.8 - 02-10-2022 *\/\n.elementor-column .elementor-spacer-inner{height:var(--spacer-size)}.e-container{--container-widget-width:100%}.e-container>.elementor-widget-spacer{width:var(--container-widget-width,var(--spacer-size));-ms-flex-item-align:stretch;align-self:stretch;-ms-flex-negative:0;flex-shrink:0}.e-container>.elementor-widget-spacer>.elementor-widget-container,.e-container>.elementor-widget-spacer>.elementor-widget-container>.elementor-spacer{height:100%}.e-container>.elementor-widget-spacer>.elementor-widget-container>.elementor-spacer>.elementor-spacer-inner{height:var(--container-widget-height,var(--spacer-size))}<\/style>\t\t<div class=\"elementor-spacer\">\n\t\t\t<div class=\"elementor-spacer-inner\"><\/div>\n\t\t<\/div>\n\t\t\t\t<\/div>\n\t\t\t\t<\/div>\n\t\t\t\t<section class=\"elementor-section elementor-inner-section elementor-element elementor-element-6a08f44d elementor-section-boxed elementor-section-height-default elementor-section-height-default\" data-id=\"6a08f44d\" data-element_type=\"section\">\n\t\t\t\t\t\t<div class=\"elementor-container elementor-column-gap-default\">\n\t\t\t\t\t<div class=\"elementor-column elementor-col-33 elementor-inner-column elementor-element elementor-element-172c14dc\" data-id=\"172c14dc\" data-element_type=\"column\">\n\t\t\t<div class=\"elementor-widget-wrap elementor-element-populated\">\n\t\t\t\t\t\t\t\t<div class=\"elementor-element elementor-element-249575d5 elementor-widget elementor-widget-image\" data-id=\"249575d5\" data-element_type=\"widget\" data-widget_type=\"image.default\">\n\t\t\t\t<div class=\"elementor-widget-container\">\n\t\t\t<style>\/*! elementor - v3.5.6 - 28-02-2022 *\/\n.elementor-widget-image{text-align:center}.elementor-widget-image a{display:inline-block}.elementor-widget-image a img[src$=\".svg\"]{width:48px}.elementor-widget-image img{vertical-align:middle;display:inline-block}<\/style>\t\t\t\t\t\t\t\t\t\t\t\t<img loading=\"lazy\" decoding=\"async\" width=\"55\" height=\"154\" src=\"https:\/\/microcrimes.de\/berlin\/wp-content\/uploads\/2022\/03\/Logo_72dpi_RGB.jpg\" class=\"attachment-large size-large\" alt=\"\" \/>\t\t\t\t\t\t\t\t\t\t\t\t\t\t\t<\/div>\n\t\t\t\t<\/div>\n\t\t\t\t\t<\/div>\n\t\t<\/div>\n\t\t\t\t<div class=\"elementor-column elementor-col-33 elementor-inner-column elementor-element elementor-element-318e2b8e\" data-id=\"318e2b8e\" data-element_type=\"column\">\n\t\t\t<div class=\"elementor-widget-wrap elementor-element-populated\">\n\t\t\t\t\t\t\t\t<div class=\"elementor-element elementor-element-17834f6d elementor-widget elementor-widget-heading\" data-id=\"17834f6d\" data-element_type=\"widget\" data-widget_type=\"heading.default\">\n\t\t\t\t<div class=\"elementor-widget-container\">\n\t\t\t<style>\/*! elementor - v3.5.6 - 28-02-2022 *\/\n.elementor-heading-title{padding:0;margin:0;line-height:1}.elementor-widget-heading .elementor-heading-title[class*=elementor-size-]>a{color:inherit;font-size:inherit;line-height:inherit}.elementor-widget-heading .elementor-heading-title.elementor-size-small{font-size:15px}.elementor-widget-heading .elementor-heading-title.elementor-size-medium{font-size:19px}.elementor-widget-heading .elementor-heading-title.elementor-size-large{font-size:29px}.elementor-widget-heading .elementor-heading-title.elementor-size-xl{font-size:39px}.elementor-widget-heading .elementor-heading-title.elementor-size-xxl{font-size:59px}<\/style><h2 class=\"elementor-heading-title elementor-size-default\">Berlin, 1920er Jahre<\/h2>\t\t<\/div>\n\t\t\t\t<\/div>\n\t\t\t\t\t<\/div>\n\t\t<\/div>\n\t\t\t\t<div class=\"elementor-column elementor-col-33 elementor-inner-column elementor-element elementor-element-24869177\" data-id=\"24869177\" data-element_type=\"column\">\n\t\t\t<div class=\"elementor-widget-wrap elementor-element-populated\">\n\t\t\t\t\t\t\t\t<div class=\"elementor-element elementor-element-61287aba elementor-widget elementor-widget-text-editor\" data-id=\"61287aba\" data-element_type=\"widget\" data-widget_type=\"text-editor.default\">\n\t\t\t\t<div class=\"elementor-widget-container\">\n\t\t\t<style>\/*! elementor - v3.5.6 - 28-02-2022 *\/\n.elementor-widget-text-editor.elementor-drop-cap-view-stacked .elementor-drop-cap{background-color:#818a91;color:#fff}.elementor-widget-text-editor.elementor-drop-cap-view-framed .elementor-drop-cap{color:#818a91;border:3px solid;background-color:transparent}.elementor-widget-text-editor:not(.elementor-drop-cap-view-default) .elementor-drop-cap{margin-top:8px}.elementor-widget-text-editor:not(.elementor-drop-cap-view-default) .elementor-drop-cap-letter{width:1em;height:1em}.elementor-widget-text-editor .elementor-drop-cap{float:left;text-align:center;line-height:1;font-size:50px}.elementor-widget-text-editor .elementor-drop-cap-letter{display:inline-block}<\/style>\t\t\t\t\t\t\t\t\t\t<\/div>\n\t\t\t\t<\/div>\n\t\t\t\t\t<\/div>\n\t\t<\/div>\n\t\t\t\t\t\t\t<\/div>\n\t\t<\/section>\n\t\t\t\t<section class=\"elementor-section elementor-inner-section elementor-element elementor-element-665291cf elementor-section-boxed elementor-section-height-default elementor-section-height-default\" data-id=\"665291cf\" data-element_type=\"section\">\n\t\t\t\t\t\t<div class=\"elementor-container elementor-column-gap-default\">\n\t\t\t\t\t<div class=\"elementor-column elementor-col-100 elementor-inner-column elementor-element elementor-element-401967ee\" data-id=\"401967ee\" data-element_type=\"column\">\n\t\t\t<div class=\"elementor-widget-wrap elementor-element-populated\">\n\t\t\t\t\t\t\t\t<div class=\"elementor-element elementor-element-2f3cd50 elementor-widget elementor-widget-text-editor\" data-id=\"2f3cd50\" data-element_type=\"widget\" data-widget_type=\"text-editor.default\">\n\t\t\t\t<div class=\"elementor-widget-container\">\n\t\t\t\t\t\t\t<p style=\"font-weight: 400;\">Leider gibt es folgende Druckfehler:<\/p>\n<p style=\"font-weight: 400;\">Fall 4: Der Fall startet bereits ab der Rheinstra\u00dfe und nicht wie im Buch beschrieben ab der Friedrichstra\u00dfe.<\/p>\n<p style=\"font-weight: 400;\">Fall 5: Der Fall startet bereits ab der Rheinstra\u00dfe und nicht wie im Buch beschrieben ab der Friedrichstra\u00dfe.<\/p>\n<p style=\"font-weight: 400;\">Fall 6: Der Fall startet bereits ab der Rheinstra\u00dfe und nicht wie im Buch beschrieben ab der Friedrichstra\u00dfe.<br>Fall 7: Der Fall startet bereits ab Charlottenburg bei Tag und nicht wie im Buch beschrieben ab Charlottenburg bei Nacht.<br>Fall 12: Der T\u00e4ter wird bereits an der Neuen Wache gestellt und nicht wie im Buch beschrieben am Potsdamer Platz.<br>Fall 13: Der Fall startet bereits ab Charlottenburg bei Nacht und nicht wie im Buch beschrieben am Potsdamer Platz.<br>Fall 14: Der Fall startet bereits ab Charlottenburg bei Nacht und nicht wie im Buch beschrieben am Potsdamer Platz.<br>Fall 15: Der Fall startet bereits ab Charlottenburg bei Nacht und nicht wie im Buch beschrieben am Potsdamer Platz.<\/p>\n<p style=\"font-weight: 400;\">Fall 21: Dieser Fall l\u00e4sst sich in Sch\u00f6neberg bei Nacht und auf dem Schillerplatz beobachten, im Buch sind keine Schaupl\u00e4tze angegeben.<\/p>\n<p>Wir bitten um Entschuldigung f\u00fcr die entstandenen Verwirrungen und den fehlerhaften Druck!<\/p><p><br><\/p><p><br><\/p><p><br><\/p><p><br><\/p><p><br><\/p><p><br><\/p>\t\t\t\t\t\t<\/div>\n\t\t\t\t<\/div>\n\t\t\t\t\t<\/div>\n\t\t<\/div>\n\t\t\t\t\t\t\t<\/div>\n\t\t<\/section>\n\t\t\t\t<section class=\"elementor-section elementor-inner-section elementor-element elementor-element-47a3a0c1 elementor-section-boxed elementor-section-height-default elementor-section-height-default\" data-id=\"47a3a0c1\" data-element_type=\"section\">\n\t\t\t\t\t\t<div class=\"elementor-container elementor-column-gap-default\">\n\t\t\t\t\t<div class=\"elementor-column elementor-col-50 elementor-inner-column elementor-element elementor-element-5ff5b20c\" data-id=\"5ff5b20c\" data-element_type=\"column\">\n\t\t\t<div class=\"elementor-widget-wrap\">\n\t\t\t\t\t\t\t\t\t<\/div>\n\t\t<\/div>\n\t\t\t\t<div class=\"elementor-column elementor-col-50 elementor-inner-column elementor-element elementor-element-2d174748\" data-id=\"2d174748\" data-element_type=\"column\">\n\t\t\t<div class=\"elementor-widget-wrap elementor-element-populated\">\n\t\t\t\t\t\t\t\t<div class=\"elementor-element elementor-element-6e0734a9 elementor-widget elementor-widget-text-editor\" data-id=\"6e0734a9\" data-element_type=\"widget\" data-widget_type=\"text-editor.default\">\n\t\t\t\t<div class=\"elementor-widget-container\">\n\t\t\t\t\t\t\t<p><strong><a href=\"https:\/\/microcrimes.de\/berlin\/impressum-2\/\">Impressum<\/a>\u00a0<\/strong><\/p><p><strong><a href=\"https:\/\/www.topp-kreativ.de\/agb\">AGB<\/a>\u00a0 \u00a0 \u00a0 <a href=\"https:\/\/www.topp-kreativ.de\/datenschutzerklaerung\">Datenschutzerkl\u00e4rung<\/a><\/strong><\/p>\t\t\t\t\t\t<\/div>\n\t\t\t\t<\/div>\n\t\t\t\t\t<\/div>\n\t\t<\/div>\n\t\t\t\t\t\t\t<\/div>\n\t\t<\/section>\n\t\t\t\t<section class=\"elementor-section elementor-inner-section elementor-element elementor-element-5559426a elementor-section-boxed elementor-section-height-default elementor-section-height-default\" data-id=\"5559426a\" data-element_type=\"section\">\n\t\t\t\t\t\t<div class=\"elementor-container elementor-column-gap-default\">\n\t\t\t\t\t<div class=\"elementor-column elementor-col-100 elementor-inner-column elementor-element elementor-element-47b0a3f7\" data-id=\"47b0a3f7\" data-element_type=\"column\">\n\t\t\t<div class=\"elementor-widget-wrap\">\n\t\t\t\t\t\t\t\t\t<\/div>\n\t\t<\/div>\n\t\t\t\t\t\t\t<\/div>\n\t\t<\/section>\n\t\t\t\t<div class=\"elementor-element elementor-element-4403aaa elementor-widget elementor-widget-spacer\" data-id=\"4403aaa\" data-element_type=\"widget\" data-widget_type=\"spacer.default\">\n\t\t\t\t<div class=\"elementor-widget-container\">\n\t\t\t\t\t<div class=\"elementor-spacer\">\n\t\t\t<div class=\"elementor-spacer-inner\"><\/div>\n\t\t<\/div>\n\t\t\t\t<\/div>\n\t\t\t\t<\/div>\n\t\t\t\t\t<\/div>\n\t\t<\/div>\n\t\t\t\t\t\t\t<\/div>\n\t\t<\/section>\n\t\t\t\t\t\t<\/div>\n\t\t\t\t\t<\/div>\n\t\t","protected":false},"excerpt":{"rendered":"<p>Berlin, 1920er Jahre Leider gibt es folgende Druckfehler: Fall 4: Der Fall startet bereits ab der Rheinstra\u00dfe und nicht wie im Buch beschrieben ab der Friedrichstra\u00dfe. Fall 5: Der Fall startet bereits ab der Rheinstra\u00dfe und nicht wie im Buch beschrieben ab der Friedrichstra\u00dfe. Fall 6: Der Fall startet bereits ab der Rheinstra\u00dfe und nicht [&hellip;]<\/p>\n","protected":false},"author":1,"featured_media":0,"parent":0,"menu_order":0,"comment_status":"closed","ping_status":"closed","template":"","meta":{"footnotes":""},"class_list":["post-667","page","type-page","status-publish","hentry"],"_links":{"self":[{"href":"https:\/\/microcrimes.de\/berlin\/wp-json\/wp\/v2\/pages\/667","targetHints":{"allow":["GET"]}}],"collection":[{"href":"https:\/\/microcrimes.de\/berlin\/wp-json\/wp\/v2\/pages"}],"about":[{"href":"https:\/\/microcrimes.de\/berlin\/wp-json\/wp\/v2\/types\/page"}],"author":[{"embeddable":true,"href":"https:\/\/microcrimes.de\/berlin\/wp-json\/wp\/v2\/users\/1"}],"replies":[{"embeddable":true,"href":"https:\/\/microcrimes.de\/berlin\/wp-json\/wp\/v2\/comments?post=667"}],"version-history":[{"count":8,"href":"https:\/\/microcrimes.de\/berlin\/wp-json\/wp\/v2\/pages\/667\/revisions"}],"predecessor-version":[{"id":679,"href":"https:\/\/microcrimes.de\/berlin\/wp-json\/wp\/v2\/pages\/667\/revisions\/679"}],"wp:attachment":[{"href":"https:\/\/microcrimes.de\/berlin\/wp-json\/wp\/v2\/media?parent=667"}],"curies":[{"name":"wp","href":"https:\/\/api.w.org\/{rel}","templated":true}]}}